{"id":2036,"date":"2021-04-24T17:43:05","date_gmt":"2021-04-24T15:43:05","guid":{"rendered":"http:\/\/violatempestad.com\/?page_id=2036"},"modified":"2023-06-25T08:59:45","modified_gmt":"2023-06-25T06:59:45","slug":"album","status":"publish","type":"page","link":"https:\/\/violatempestad.com\/en\/album\/","title":{"rendered":"\u00a1Nuevo \u00c1lbum Electronic Storm, ya disponible!"},"content":{"rendered":"<p>&nbsp;<\/p>\r\n\r\n\r\n\r\n<p>Este nuevo alb\u00fam de Viola Tempestad, incluye 14 incre\u00edbles covers, de los mejores temas de m\u00fasica electr\u00f3nica de los \u00faltimos a\u00f1os, con artistas como David Guetta, Avicci, Coldplay, The Weekend, The Chainsmokers y mucho m\u00e1s\u2026\u00a0<\/p>\r\n\r\n\r\n\r\n<p>Encontrar\u00e1 una hora de m\u00fasica que podr\u00e1 disfrutar en formato CD, Pendrive personalizado o digital. El CD y el pendrive tienen un precio de 10\u20ac. La versi\u00f3n digital costar\u00e1 s\u00f3lo 8\u20ac y podr\u00e1 recibirla instant\u00e1neamente a trav\u00e9s de mail o Whatsapp. Recibir\u00e1 un enlace desde el que podr\u00e1 descargar el \u00e1lbum completo y escucharlo desde cualquier dispositivo.<\/p>\r\n\r\n\r\n\r\n<p>&nbsp;<\/p>\r\n\r\n\r\n\r\n<p>Se puede poner en contacto con Pedro Herrera para cualquier consulta:<br \/>Tel\u00e9fono: <a href=\"tel:693658771\">693 65 87 71<\/a><br \/>Correo: <a href=\"mailto:pedroherreramusic@violatempestad.com\">pedroherreramusic@violatempestad.com<\/a><\/p>\r\n\r\n\r\n\r\n<p>&nbsp;<\/p>\r\n\r\n\r\n\r\n<p><i class=\"fab fa-cc-paypal fa-lg\"><\/i> Puede pagar de forma electr\u00f3nica con PayPal al correo <a href=\"mailto:pedroherreraone@gmail.com\">pedroherreraone@gmail.com<\/a><\/p>\r\n<p><img style=\"height: 2.333em;\" src=\"http:\/\/violatempestad.com\/wp-content\/uploads\/2021\/04\/logo-bizum-2-1.png\" \/> Y Bizum al n\u00famero <a href=\"tel:693658771\">693 65 87 71<\/a><\/p>\r\n\r\n\r\n\r\n<figure class=\"wp-block-gallery columns-2 is-cropped album\">\r\n<ul class=\"blocks-gallery-grid\">\r\n<li class=\"blocks-gallery-item\">\r\n<figure><a href=\"http:\/\/violatempestad.com\/wp-content\/uploads\/2021\/04\/portada.jpg\"><img loading=\"lazy\" width=\"1024\" height=\"1024\" class=\"wp-image-2057\" src=\"https:\/\/violatempestad.com\/wp-content\/uploads\/2021\/04\/portada-1024x1024.jpg\" alt=\"portada\" data-id=\"2057\" data-full-url=\"http:\/\/violatempestad.com\/wp-content\/uploads\/2021\/04\/portada.jpg\" data-link=\"http:\/\/violatempestad.com\/portada-2\/\" srcset=\"https:\/\/violatempestad.com\/wp-content\/uploads\/2021\/04\/portada-1024x1024.jpg 1024w, https:\/\/violatempestad.com\/wp-content\/uploads\/2021\/04\/portada-300x300.jpg 300w, https:\/\/violatempestad.com\/wp-content\/uploads\/2021\/04\/portada-150x150.jpg 150w, https:\/\/violatempestad.com\/wp-content\/uploads\/2021\/04\/portada-768x768.jpg 768w, https:\/\/violatempestad.com\/wp-content\/uploads\/2021\/04\/portada-12x12.jpg 12w, https:\/\/violatempestad.com\/wp-content\/uploads\/2021\/04\/portada-500x500.jpg 500w, https:\/\/violatempestad.com\/wp-content\/uploads\/2021\/04\/portada-800x800.jpg 800w, https:\/\/violatempestad.com\/wp-content\/uploads\/2021\/04\/portada-640x640.jpg 640w, https:\/\/violatempestad.com\/wp-content\/uploads\/2021\/04\/portada-180x180.jpg 180w, https:\/\/violatempestad.com\/wp-content\/uploads\/2021\/04\/portada.jpg 1200w\" sizes=\"(max-width: 1024px) 100vw, 1024px\" \/><\/a><\/figure>\r\n<\/li>\r\n<li class=\"blocks-gallery-item\">\r\n<figure><a href=\"http:\/\/violatempestad.com\/wp-content\/uploads\/2021\/04\/contraportada.jpg\"><img loading=\"lazy\" width=\"1024\" height=\"1024\" class=\"wp-image-2058\" src=\"https:\/\/violatempestad.com\/wp-content\/uploads\/2021\/04\/contraportada-1024x1024.jpg\" alt=\"\" data-id=\"2058\" data-full-url=\"http:\/\/violatempestad.com\/wp-content\/uploads\/2021\/04\/contraportada.jpg\" data-link=\"http:\/\/violatempestad.com\/contraportada\/\" srcset=\"https:\/\/violatempestad.com\/wp-content\/uploads\/2021\/04\/contraportada-1024x1024.jpg 1024w, https:\/\/violatempestad.com\/wp-content\/uploads\/2021\/04\/contraportada-300x300.jpg 300w, https:\/\/violatempestad.com\/wp-content\/uploads\/2021\/04\/contraportada-150x150.jpg 150w, https:\/\/violatempestad.com\/wp-content\/uploads\/2021\/04\/contraportada-768x768.jpg 768w, https:\/\/violatempestad.com\/wp-content\/uploads\/2021\/04\/contraportada-12x12.jpg 12w, https:\/\/violatempestad.com\/wp-content\/uploads\/2021\/04\/contraportada-500x500.jpg 500w, https:\/\/violatempestad.com\/wp-content\/uploads\/2021\/04\/contraportada-800x800.jpg 800w, https:\/\/violatempestad.com\/wp-content\/uploads\/2021\/04\/contraportada-640x640.jpg 640w, https:\/\/violatempestad.com\/wp-content\/uploads\/2021\/04\/contraportada-180x180.jpg 180w, https:\/\/violatempestad.com\/wp-content\/uploads\/2021\/04\/contraportada.jpg 1200w\" sizes=\"(max-width: 1024px) 100vw, 1024px\" \/><\/a><\/figure>\r\n<\/li>\r\n<li class=\"blocks-gallery-item\">\r\n<figure><a href=\"http:\/\/violatempestad.com\/wp-content\/uploads\/2021\/04\/usb.jpg\"><img loading=\"lazy\" width=\"1024\" height=\"728\" class=\"wp-image-2061\" src=\"https:\/\/violatempestad.com\/wp-content\/uploads\/2021\/04\/usb-1024x728.jpg\" alt=\"\" data-id=\"2061\" data-full-url=\"http:\/\/violatempestad.com\/wp-content\/uploads\/2021\/04\/usb.jpg\" data-link=\"http:\/\/violatempestad.com\/usb\/\" srcset=\"https:\/\/violatempestad.com\/wp-content\/uploads\/2021\/04\/usb-1024x728.jpg 1024w, https:\/\/violatempestad.com\/wp-content\/uploads\/2021\/04\/usb-300x213.jpg 300w, https:\/\/violatempestad.com\/wp-content\/uploads\/2021\/04\/usb-768x546.jpg 768w, https:\/\/violatempestad.com\/wp-content\/uploads\/2021\/04\/usb-1536x1092.jpg 1536w, https:\/\/violatempestad.com\/wp-content\/uploads\/2021\/04\/usb-16x12.jpg 16w, https:\/\/violatempestad.com\/wp-content\/uploads\/2021\/04\/usb-500x355.jpg 500w, https:\/\/violatempestad.com\/wp-content\/uploads\/2021\/04\/usb-800x569.jpg 800w, https:\/\/violatempestad.com\/wp-content\/uploads\/2021\/04\/usb-1280x910.jpg 1280w, https:\/\/violatempestad.com\/wp-content\/uploads\/2021\/04\/usb.jpg 1600w\" sizes=\"(max-width: 1024px) 100vw, 1024px\" \/><\/a><\/figure>\r\n<\/li>\r\n<li class=\"blocks-gallery-item\">\r\n<figure><a href=\"http:\/\/violatempestad.com\/wp-content\/uploads\/2021\/04\/disco2.jpg\"><img loading=\"lazy\" width=\"1024\" height=\"1024\" class=\"wp-image-2060\" src=\"https:\/\/violatempestad.com\/wp-content\/uploads\/2021\/04\/disco2-1024x1024.jpg\" alt=\"\" data-id=\"2060\" data-full-url=\"http:\/\/violatempestad.com\/wp-content\/uploads\/2021\/04\/disco2.jpg\" data-link=\"http:\/\/violatempestad.com\/disco2\/\" srcset=\"https:\/\/violatempestad.com\/wp-content\/uploads\/2021\/04\/disco2-1024x1024.jpg 1024w, https:\/\/violatempestad.com\/wp-content\/uploads\/2021\/04\/disco2-300x300.jpg 300w, https:\/\/violatempestad.com\/wp-content\/uploads\/2021\/04\/disco2-150x150.jpg 150w, https:\/\/violatempestad.com\/wp-content\/uploads\/2021\/04\/disco2-768x768.jpg 768w, https:\/\/violatempestad.com\/wp-content\/uploads\/2021\/04\/disco2-12x12.jpg 12w, https:\/\/violatempestad.com\/wp-content\/uploads\/2021\/04\/disco2-500x500.jpg 500w, https:\/\/violatempestad.com\/wp-content\/uploads\/2021\/04\/disco2-800x800.jpg 800w, https:\/\/violatempestad.com\/wp-content\/uploads\/2021\/04\/disco2-1280x1280.jpg 1280w, https:\/\/violatempestad.com\/wp-content\/uploads\/2021\/04\/disco2-640x640.jpg 640w, https:\/\/violatempestad.com\/wp-content\/uploads\/2021\/04\/disco2-180x180.jpg 180w, https:\/\/violatempestad.com\/wp-content\/uploads\/2021\/04\/disco2.jpg 1440w\" sizes=\"(max-width: 1024px) 100vw, 1024px\" \/><\/a><\/figure>\r\n<\/li>\r\n<\/ul>\r\n<\/figure>","protected":false},"excerpt":{"rendered":"<p>&nbsp; Este nuevo alb\u00fam de Viola Tempestad, incluye 14 incre\u00edbles covers, de los mejores temas de m\u00fasica electr\u00f3nica de los \u00faltimos a\u00f1os, con artistas como David Guetta, Avicci, Coldplay, The<a href=\"https:\/\/violatempestad.com\/en\/album\/\" class=\"more-link\"><span class=\"readmore\">continue reading...<span class=\"screen-reader-text\">\u00a1Nuevo \u00c1lbum Electronic Storm, ya disponible!<\/span><\/span><\/a><\/p>","protected":false},"author":1,"featured_media":0,"parent":0,"menu_order":0,"comment_status":"closed","ping_status":"closed","template":"","meta":{"inline_featured_image":false,"_mi_skip_tracking":false},"yoast_head":"<!-- This site is optimized with the Yoast SEO plugin v15.4 - https:\/\/yoast.com\/wordpress\/plugins\/seo\/ -->\n<title>Nuevo \u00c1lbum Electronic Storm - Viola Tempestad<\/title>\n<meta name=\"description\" content=\"Pedro Herrera es un m\u00fasico de Granada que ofrece m\u00fasica para tus eventos. Entra y conoce el disco de m\u00fasica para viola m\u00e1s actual.\" \/>\n<meta name=\"robots\" content=\"index, follow, max-snippet:-1, max-image-preview:large, max-video-preview:-1\" \/>\n<link rel=\"canonical\" href=\"http:\/\/violatempestad.com\/en\/album\/\" \/>\n<meta property=\"og:locale\" content=\"en_US\" \/>\n<meta property=\"og:type\" content=\"article\" \/>\n<meta property=\"og:title\" content=\"Nuevo \u00c1lbum Electronic Storm - Viola Tempestad\" \/>\n<meta property=\"og:description\" content=\"Pedro Herrera es un m\u00fasico de Granada que ofrece m\u00fasica para tus eventos. Entra y conoce el disco de m\u00fasica para viola m\u00e1s actual.\" \/>\n<meta property=\"og:url\" content=\"http:\/\/violatempestad.com\/en\/album\/\" \/>\n<meta property=\"og:site_name\" content=\"Viola Tempestad\" \/>\n<meta property=\"article:modified_time\" content=\"2023-06-25T06:59:45+00:00\" \/>\n<meta property=\"og:image\" content=\"http:\/\/violatempestad.com\/wp-content\/uploads\/2021\/04\/logo-bizum-2-1.png\" \/>\n<meta name=\"twitter:card\" content=\"summary_large_image\" \/>\n<meta name=\"twitter:label1\" content=\"Written by\">\n\t<meta name=\"twitter:data1\" content=\"Viola Tempestad\">\n\t<meta name=\"twitter:label2\" content=\"Est. reading time\">\n\t<meta name=\"twitter:data2\" content=\"1 minute\">\n<script type=\"application\/ld+json\" class=\"yoast-schema-graph\">{\"@context\":\"https:\/\/schema.org\",\"@graph\":[{\"@type\":\"WebSite\",\"@id\":\"https:\/\/violatempestad.com\/#website\",\"url\":\"https:\/\/violatempestad.com\/\",\"name\":\"Viola Tempestad\",\"description\":\"\",\"potentialAction\":[{\"@type\":\"SearchAction\",\"target\":\"https:\/\/violatempestad.com\/?s={search_term_string}\",\"query-input\":\"required name=search_term_string\"}],\"inLanguage\":\"en-US\"},{\"@type\":\"ImageObject\",\"@id\":\"http:\/\/violatempestad.com\/album\/#primaryimage\",\"inLanguage\":\"en-US\",\"url\":\"http:\/\/violatempestad.com\/wp-content\/uploads\/2021\/04\/logo-bizum-2-1.png\"},{\"@type\":\"WebPage\",\"@id\":\"http:\/\/violatempestad.com\/album\/#webpage\",\"url\":\"http:\/\/violatempestad.com\/album\/\",\"name\":\"Nuevo \\u00c1lbum Electronic Storm - Viola Tempestad\",\"isPartOf\":{\"@id\":\"https:\/\/violatempestad.com\/#website\"},\"primaryImageOfPage\":{\"@id\":\"http:\/\/violatempestad.com\/album\/#primaryimage\"},\"datePublished\":\"2021-04-24T15:43:05+00:00\",\"dateModified\":\"2023-06-25T06:59:45+00:00\",\"description\":\"Pedro Herrera es un m\\u00fasico de Granada que ofrece m\\u00fasica para tus eventos. Entra y conoce el disco de m\\u00fasica para viola m\\u00e1s actual.\",\"inLanguage\":\"en-US\",\"potentialAction\":[{\"@type\":\"ReadAction\",\"target\":[\"http:\/\/violatempestad.com\/album\/\"]}]}]}<\/script>\n<!-- \/ Yoast SEO plugin. -->","_links":{"self":[{"href":"https:\/\/violatempestad.com\/en\/wp-json\/wp\/v2\/pages\/2036"}],"collection":[{"href":"https:\/\/violatempestad.com\/en\/wp-json\/wp\/v2\/pages"}],"about":[{"href":"https:\/\/violatempestad.com\/en\/wp-json\/wp\/v2\/types\/page"}],"author":[{"embeddable":true,"href":"https:\/\/violatempestad.com\/en\/wp-json\/wp\/v2\/users\/1"}],"replies":[{"embeddable":true,"href":"https:\/\/violatempestad.com\/en\/wp-json\/wp\/v2\/comments?post=2036"}],"version-history":[{"count":31,"href":"https:\/\/violatempestad.com\/en\/wp-json\/wp\/v2\/pages\/2036\/revisions"}],"predecessor-version":[{"id":7813,"href":"https:\/\/violatempestad.com\/en\/wp-json\/wp\/v2\/pages\/2036\/revisions\/7813"}],"wp:attachment":[{"href":"https:\/\/violatempestad.com\/en\/wp-json\/wp\/v2\/media?parent=2036"}],"curies":[{"name":"wp","href":"https:\/\/api.w.org\/{rel}","templated":true}]}}