{"id":24,"date":"2020-09-09T11:41:11","date_gmt":"2020-09-09T09:41:11","guid":{"rendered":"http:\/\/violatempestad.com\/?page_id=24"},"modified":"2024-02-07T19:12:29","modified_gmt":"2024-02-07T18:12:29","slug":"inicio","status":"publish","type":"page","link":"https:\/\/violatempestad.com\/en\/","title":{"rendered":"Viola Tempestad"},"content":{"rendered":"<div class=\"wp-block-group alignfull\">\r\n<div class=\"wp-block-group__inner-container\">\u00a0<\/div>\r\n<\/div>\n\n\n\n<p class=\"fade-in-right\"><strong><em>Viola Tempestad<\/em><\/strong> is a music event company created by <strong><em>Pedro Herrera<\/em><\/strong>, a classically trained musician from Granada (Spain).  This new-born company offers musical events of all kinds: Animation for events, weddings, proposals, private concerts, live music for restaurants, special surprises for your loved ones, and now you can even get a private virtual concert with a personalized message ...&nbsp;&nbsp;<\/p>\n\n\n\n<p class=\"fade-in-right\">Desde <strong><em>Viola Tempestad<\/em><\/strong>offers you a unique musical experience that you will never forget.  This professional musician will perform exclusive arrangements of music for viola, an instrument of the violin family, but with a sweeter and warmer timbre, providing the right atmosphere at all times.  From an event with a sophisticated and elegant touch, to the animation of a party with innovative and groundbreaking music such as electronic music.&nbsp;<\/p>\n\n\n\n<p class=\"fade-in-right\">There-s available a varied and extensive repertoire, from which you can choose music of all kinds of genres. The repertoire is divided into four categories in a very simple way, so you can choose the music you want more easily: <em>vintage classics, trendy music (pop, rock, soundtracks ...), classical music or EDM music.<\/em>In addition, the musician will advise on what music to choose depending on your musical taste, or the atmosphere you are looking for your event.&nbsp;<\/p>\n\n\n\n<p>&nbsp;<\/p>\n\n\n\n<figure class=\"wp-block-video\"><video autoplay controls loop src=\"http:\/\/violatempestad.com\/wp-content\/uploads\/2024\/02\/VIOLA-TEMPESTAD-PROMO-MAE.m4v\"><\/video><\/figure>\n\n\n\n<div class=\"wp-block-nk-awb nk-awb alignfull nk-awb-fullheight nk-awb-content-valign-center bg-relative\"><div class=\"nk-awb-wrap\" data-awb-type=\"image\" data-awb-image-background-size=\"cover\" data-awb-image-background-position=\"19% 10%\" data-awb-parallax=\"scroll-opacity\" data-awb-parallax-speed=\"0.5\" data-awb-parallax-mobile=\"true\"><div class=\"nk-awb-inner\"><img loading=\"lazy\" src=\"https:\/\/violatempestad.com\/wp-content\/uploads\/2022\/01\/footer-cover-1-1-1024x678.jpg\" class=\"wp-image-2357 jarallax-img\" alt=\"imagen para viola tempestad\" width=\"990\" height=\"655\" srcset=\"https:\/\/violatempestad.com\/wp-content\/uploads\/2022\/01\/footer-cover-1-1-1024x678.jpg 1024w, https:\/\/violatempestad.com\/wp-content\/uploads\/2022\/01\/footer-cover-1-1-300x199.jpg 300w, https:\/\/violatempestad.com\/wp-content\/uploads\/2022\/01\/footer-cover-1-1-768x509.jpg 768w, https:\/\/violatempestad.com\/wp-content\/uploads\/2022\/01\/footer-cover-1-1-1536x1017.jpg 1536w, https:\/\/violatempestad.com\/wp-content\/uploads\/2022\/01\/footer-cover-1-1-2048x1356.jpg 2048w, https:\/\/violatempestad.com\/wp-content\/uploads\/2022\/01\/footer-cover-1-1-16x12.jpg 16w, https:\/\/violatempestad.com\/wp-content\/uploads\/2022\/01\/footer-cover-1-1-500x331.jpg 500w, https:\/\/violatempestad.com\/wp-content\/uploads\/2022\/01\/footer-cover-1-1-800x530.jpg 800w, https:\/\/violatempestad.com\/wp-content\/uploads\/2022\/01\/footer-cover-1-1-1280x848.jpg 1280w, https:\/\/violatempestad.com\/wp-content\/uploads\/2022\/01\/footer-cover-1-1-1920x1271.jpg 1920w\" sizes=\"(max-width: 990px) 100vw, 990px\" \/><\/div><\/div>\n<h2 class=\"has-text-align-center has-large-font-size\">&nbsp;<\/h2>\n<\/div>\n\n\n\n<p>&nbsp;<\/p>\n\n\n\n<p>&nbsp;<\/p>","protected":false},"excerpt":{"rendered":"<p>Viola Tempestad es una empresa creada por el violista granadino Pedro Herrera,&nbsp;un m\u00fasico formado en la disciplina de m\u00fasica cl\u00e1sica. \u00c9ste oferta la realizaci\u00f3n de eventos musicales de todo tipo:<a href=\"https:\/\/violatempestad.com\/en\/\" class=\"more-link\"><span class=\"readmore\">continue reading...<span class=\"screen-reader-text\">Viola Tempestad<\/span><\/span><\/a><\/p>","protected":false},"author":1,"featured_media":0,"parent":0,"menu_order":0,"comment_status":"closed","ping_status":"closed","template":"","meta":{"inline_featured_image":false,"_mi_skip_tracking":false},"yoast_head":"<!-- This site is optimized with the Yoast SEO plugin v15.4 - https:\/\/yoast.com\/wordpress\/plugins\/seo\/ -->\n<title>Viola Tempestad - Viola Tempestad<\/title>\n<meta name=\"description\" content=\"Viola Tempestad es un m\u00fasico Granadino que ofrece m\u00fasica de viola para tus eventos: bodas, c\u00f3cteles... \u00a1Entra y contr\u00e1talo ya!\" \/>\n<meta name=\"robots\" content=\"index, follow, max-snippet:-1, max-image-preview:large, max-video-preview:-1\" \/>\n<link rel=\"canonical\" href=\"http:\/\/violatempestad.com\/en\/\" \/>\n<meta property=\"og:locale\" content=\"en_US\" \/>\n<meta property=\"og:type\" content=\"article\" \/>\n<meta property=\"og:title\" content=\"Viola Tempestad - Viola Tempestad\" \/>\n<meta property=\"og:description\" content=\"Viola Tempestad es un m\u00fasico Granadino que ofrece m\u00fasica de viola para tus eventos: bodas, c\u00f3cteles... \u00a1Entra y contr\u00e1talo ya!\" \/>\n<meta property=\"og:url\" content=\"http:\/\/violatempestad.com\/en\/\" \/>\n<meta property=\"og:site_name\" content=\"Viola Tempestad\" \/>\n<meta property=\"article:modified_time\" content=\"2024-02-07T18:12:29+00:00\" \/>\n<meta property=\"og:image\" content=\"https:\/\/violatempestad.com\/wp-content\/uploads\/2022\/01\/footer-cover-1-1-1024x678.jpg\" \/>\n<meta name=\"twitter:card\" content=\"summary_large_image\" \/>\n<meta name=\"twitter:label1\" content=\"Written by\">\n\t<meta name=\"twitter:data1\" content=\"Viola Tempestad\">\n\t<meta name=\"twitter:label2\" content=\"Est. reading time\">\n\t<meta name=\"twitter:data2\" content=\"1 minute\">\n<script type=\"application\/ld+json\" class=\"yoast-schema-graph\">{\"@context\":\"https:\/\/schema.org\",\"@graph\":[{\"@type\":\"WebSite\",\"@id\":\"https:\/\/violatempestad.com\/#website\",\"url\":\"https:\/\/violatempestad.com\/\",\"name\":\"Viola Tempestad\",\"description\":\"\",\"potentialAction\":[{\"@type\":\"SearchAction\",\"target\":\"https:\/\/violatempestad.com\/?s={search_term_string}\",\"query-input\":\"required name=search_term_string\"}],\"inLanguage\":\"en-US\"},{\"@type\":\"ImageObject\",\"@id\":\"http:\/\/violatempestad.com\/#primaryimage\",\"inLanguage\":\"en-US\",\"url\":\"https:\/\/violatempestad.com\/wp-content\/uploads\/2022\/01\/footer-cover-1-1-1024x678.jpg\"},{\"@type\":\"WebPage\",\"@id\":\"http:\/\/violatempestad.com\/#webpage\",\"url\":\"http:\/\/violatempestad.com\/\",\"name\":\"Viola Tempestad - Viola Tempestad\",\"isPartOf\":{\"@id\":\"https:\/\/violatempestad.com\/#website\"},\"primaryImageOfPage\":{\"@id\":\"http:\/\/violatempestad.com\/#primaryimage\"},\"datePublished\":\"2020-09-09T09:41:11+00:00\",\"dateModified\":\"2024-02-07T18:12:29+00:00\",\"description\":\"Viola Tempestad es un m\\u00fasico Granadino que ofrece m\\u00fasica de viola para tus eventos: bodas, c\\u00f3cteles... \\u00a1Entra y contr\\u00e1talo ya!\",\"inLanguage\":\"en-US\",\"potentialAction\":[{\"@type\":\"ReadAction\",\"target\":[\"http:\/\/violatempestad.com\/\"]}]}]}<\/script>\n<!-- \/ Yoast SEO plugin. -->","_links":{"self":[{"href":"https:\/\/violatempestad.com\/en\/wp-json\/wp\/v2\/pages\/24"}],"collection":[{"href":"https:\/\/violatempestad.com\/en\/wp-json\/wp\/v2\/pages"}],"about":[{"href":"https:\/\/violatempestad.com\/en\/wp-json\/wp\/v2\/types\/page"}],"author":[{"embeddable":true,"href":"https:\/\/violatempestad.com\/en\/wp-json\/wp\/v2\/users\/1"}],"replies":[{"embeddable":true,"href":"https:\/\/violatempestad.com\/en\/wp-json\/wp\/v2\/comments?post=24"}],"version-history":[{"count":87,"href":"https:\/\/violatempestad.com\/en\/wp-json\/wp\/v2\/pages\/24\/revisions"}],"predecessor-version":[{"id":9002,"href":"https:\/\/violatempestad.com\/en\/wp-json\/wp\/v2\/pages\/24\/revisions\/9002"}],"wp:attachment":[{"href":"https:\/\/violatempestad.com\/en\/wp-json\/wp\/v2\/media?parent=24"}],"curies":[{"name":"wp","href":"https:\/\/api.w.org\/{rel}","templated":true}]}}