{"id":26,"date":"2020-09-09T11:41:47","date_gmt":"2020-09-09T09:41:47","guid":{"rendered":"http:\/\/violatempestad.com\/?page_id=26"},"modified":"2023-12-01T18:28:16","modified_gmt":"2023-12-01T17:28:16","slug":"bio","status":"publish","type":"page","link":"https:\/\/violatempestad.com\/en\/bio\/","title":{"rendered":"Biography"},"content":{"rendered":"<div class=\"wp-block-nk-awb nk-awb  alignfull\">\r\n<div class=\"nk-awb-wrap\" data-awb-type=\"image\" data-awb-image-background-size=\"cover\" data-awb-image-background-position=\"50% 60%\" data-awb-parallax=\"scroll-opacity\" data-awb-parallax-speed=\"0.5\" data-awb-parallax-mobile=\"true\">\r\n<div class=\"nk-awb-inner\"><img loading=\"lazy\" class=\"wp-image-2371 jarallax-img\" src=\"https:\/\/violatempestad.com\/wp-content\/uploads\/2022\/01\/11-scaled.jpg\" width=\"1707\" height=\"2560\" \/><\/div>\r\n<\/div>\r\n<\/div>\r\n\r\n\r\n\r\n<p>&nbsp;<\/p>\r\n\r\n\r\n\r\n<p class=\"has-text-align-left has-text-color\" style=\"color: #7b7b7b;\">Pedro Herrera es un <strong>m\u00fasico profesional<\/strong> que realiza espect\u00e1culos de viola el\u00e9ctrica bajo el nombre artistico \u201cViola Tempestad\u201d.\u00a0<\/p>\r\n\r\n\r\n\r\n<p>Comenz\u00f3 su educaci\u00f3n musical a la temprana edad de 3 a\u00f1os; aunque no escogi\u00f3 la viola como instrumento principal hasta los siete, cuando accedi\u00f3 al conservatorio\u00a0para recibir una formaci\u00f3n en m\u00fasica cl\u00e1sica. Comenz\u00f3 el grado superior de M\u00fasica en el <strong>Conservatorio Superior de Granada<\/strong>, y\u00a0 <strong>concluy\u00f3 su carrera de interpretaci\u00f3n musical <\/strong>en el <strong>Real Conservatorio Superior de Sevilla<\/strong> bajo la tutela de Aglaya Gonz\u00e1lez.<\/p>\r\n\r\n\r\n\r\n<p class=\"has-text-align-left has-text-color\" style=\"color: #7b7b7b;\">Pedro tiene una gran <strong>experiencia como m\u00fasico de orquesta sinf\u00f3nica y c\u00e0mara<\/strong>. Ha sido <strong>jefe de secci\u00f3n violas<\/strong> de la\u00a0<em><strong>Youth Symphony Orchestra of Granada<\/strong><\/em> y la <strong>Orquesta Universidad de Granada.<\/strong> Adem\u00e1s, es miembro de la <strong>Orquesta Joven de Andaluc\u00eda<\/strong> desde 2021, con la que sigue desarrollando su actividad art\u00edstica como miembro titular. Adem\u00e1s, ha colaborado con orquestas como\u00a0<em> la orquesta acad\u00e9mica de Granada, la orquesta Filarmon\u00eda, la orquesta de la Universidad de Ja\u00e9n y las agrupaciones de musica de camara de la Asociaci\u00f3n Barenboim.<\/em><\/p>\r\n\r\n\r\n\r\n<p class=\"has-text-align-left has-text-color\" style=\"color: #7b7b7b;\">En 2020, comenz\u00f3 su<strong> carrera profesional<\/strong> como <strong>violista el\u00e9ctrico<\/strong> haciendo sus propias versiones de <strong>m\u00fasica electr\u00f3nica<\/strong> y <strong>house<\/strong>, y comenz\u00f3 su propia empresa de <strong>espect\u00e1culos y eventos musicales<\/strong>. Viola Tempestad ha actuado en las principales discotecas y beach clubs de Granada y M\u00e1laga como Mae West, Nikki Beach Marbella, Granada 10, Basaba, Grupo Parip\u00e9, Backstage, Ganivet, Jard\u00edn Secreto, Badia Bach club, Mambo Beach Club y Bheaven entre otros.<\/p>\r\n\r\n\r\n\r\n<p>En 2021 y 2022, lleg\u00f3 a realizar m\u00e1s de <strong>100 eventos<\/strong> por todo el territorio nacional, llevando su propuesta de espect\u00e1culo exitosamente por todo el pa\u00eds. Adem\u00e1s, ha sido <strong>artista oficial<\/strong> con marcas de gran prestigio como Schweppes y Ron Barcel\u00f3 en numerosas ocasiones, actuando en clubes de primer nivel por toda Andaluc\u00eda.<\/p>\r\n\r\n\r\n\r\n<p class=\"has-text-align-left has-text-color\" style=\"color: #7b7b7b;\">\u00a0<\/p>\r\n\r\n\r\n\r\n<div class=\"wp-block-nk-awb nk-awb  alignfull\">\r\n<div class=\"nk-awb-wrap\" data-awb-type=\"image\" data-awb-image-background-size=\"cover\" data-awb-image-background-position=\"50% 50%\" data-awb-parallax=\"scroll-opacity\" data-awb-parallax-speed=\"0.5\" data-awb-parallax-mobile=\"true\">\r\n<div class=\"nk-awb-inner\"><img loading=\"lazy\" class=\"wp-image-2371 jarallax-img\" src=\"https:\/\/violatempestad.com\/wp-content\/uploads\/2022\/01\/11-scaled.jpg\" width=\"1707\" height=\"2560\" \/><\/div>\r\n<\/div>\r\n<\/div>\r\n\r\n\r\n\r\n<figure class=\"wp-block-pullquote fade-in-right is-style-default\" style=\"border-color: #676767;\">\r\n<blockquote class=\"has-text-color has-white-color\">\r\n<p>\u00ab<strong>M\u00fasica a medida, para crear momentos inolvidables.<\/strong>\u00bb<\/p>\r\n<\/blockquote>\r\n<\/figure>\r\n\r\n\r\n\r\n<p><strong>En 2021, estren\u00f3 su primer \u00e1lbum de covers de m\u00fasica electr\u00f3nica y house con viola el\u00e9ctrica, versionando 14 temas de artistas como David Guetta, Avicci, Chainsmokers y Coldplay entre otros, acumulando cientas de ventas en formato f\u00edsico y digital en los primeros meses desde el estreno.<\/strong><\/p>\r\n\r\n\r\n\r\n<p class=\"has-text-color\" style=\"color: #7b7b7b;\">En 2021, estren\u00f3 su primer \u00e1lbum de covers de m\u00fasica electr\u00f3nica y house con viola el\u00e9ctrica, versionando 14 temas de artistas como David Guetta, Avicci, Chainsmokers y Coldplay entre otros, acumulando cientas de ventas en formato f\u00edsico y digital en los primeros meses desde el estreno.<\/p>\r\n\r\n\r\n\r\n<p class=\"has-text-color\" style=\"color: #7b7b7b;\">Viola Tempestad tambien es creador de contenido, habiendo grabado videoclips profesionales de m\u00fasica electr\u00f3nica, house y comercial colaborando con Victor Perez (vide\u00f3grafo profesional) y Miguel Ortega(t\u00e9cnico de sonido). Todos ellos se pueden ver en plataformas digitales como YouTube, Instagram, Tiktok y Facebook, donde acumulan miles de visitas.<\/p>\r\n\r\n\r\n\r\n<p class=\"has-text-color\" style=\"color: #7b7b7b;\">Viola Tempestad tambi\u00e9n realiza <strong>labores caritativas<\/strong>, habiendo colaborado y compartiendo su m\u00fasica con asociaciones para personas con bipolaridad como <strong>Granabip<\/strong> y que padecen c\u00e1ncer como <strong>Relevos por la vida.<\/strong><\/p>\r\n\r\n\r\n\r\n<div class=\"wp-block-nk-awb nk-awb alignfull nk-awb-fullheight nk-awb-content-valign-center\">\r\n<div class=\"nk-awb-wrap\" data-awb-type=\"image\" data-awb-image-background-size=\"cover\" data-awb-image-background-position=\"50% 40%\" data-awb-parallax=\"scroll\" data-awb-parallax-speed=\"0.5\" data-awb-parallax-mobile=\"true\">\r\n<div class=\"nk-awb-inner\"><img loading=\"lazy\" class=\"wp-image-2371 jarallax-img\" src=\"https:\/\/violatempestad.com\/wp-content\/uploads\/2022\/01\/11-scaled.jpg\" width=\"1707\" height=\"2560\" \/><\/div>\r\n<\/div>\r\n\r\n<h2 class=\"has-text-align-center\">Viola Tempestad<\/h2>\r\n<\/div>\r\n\r\n\r\n\r\n<p>&nbsp;<\/p>","protected":false},"excerpt":{"rendered":"<p>&nbsp; Pedro Herrera es un m\u00fasico profesional que realiza espect\u00e1culos de viola el\u00e9ctrica bajo el nombre artistico \u201cViola Tempestad\u201d.\u00a0 Comenz\u00f3 su educaci\u00f3n musical a la temprana edad de 3 a\u00f1os;<a href=\"https:\/\/violatempestad.com\/en\/bio\/\" class=\"more-link\"><span class=\"readmore\">continue reading...<span class=\"screen-reader-text\">Biography<\/span><\/span><\/a><\/p>","protected":false},"author":1,"featured_media":0,"parent":0,"menu_order":0,"comment_status":"closed","ping_status":"closed","template":"","meta":{"inline_featured_image":false,"_mi_skip_tracking":false},"yoast_head":"<!-- This site is optimized with the Yoast SEO plugin v15.4 - https:\/\/yoast.com\/wordpress\/plugins\/seo\/ -->\n<title>Biograf\u00eda de Pedro Herrera - Viola Tempestad<\/title>\n<meta name=\"description\" content=\"Pedro Herrera (Viola Tempestad) es un violista granadino con una larga trayectoria musical. Comenz\u00f3 su educaci\u00f3n musical a la edad de 3 a\u00f1os...\" \/>\n<meta name=\"robots\" content=\"index, follow, max-snippet:-1, max-image-preview:large, max-video-preview:-1\" \/>\n<link rel=\"canonical\" href=\"http:\/\/violatempestad.com\/en\/bio\/\" \/>\n<meta property=\"og:locale\" content=\"en_US\" \/>\n<meta property=\"og:type\" content=\"article\" \/>\n<meta property=\"og:title\" content=\"Biograf\u00eda de Pedro Herrera - Viola Tempestad\" \/>\n<meta property=\"og:description\" content=\"Pedro Herrera (Viola Tempestad) es un violista granadino con una larga trayectoria musical. Comenz\u00f3 su educaci\u00f3n musical a la edad de 3 a\u00f1os...\" \/>\n<meta property=\"og:url\" content=\"http:\/\/violatempestad.com\/en\/bio\/\" \/>\n<meta property=\"og:site_name\" content=\"Viola Tempestad\" \/>\n<meta property=\"article:modified_time\" content=\"2023-12-01T17:28:16+00:00\" \/>\n<meta property=\"og:image\" content=\"https:\/\/violatempestad.com\/wp-content\/uploads\/2022\/01\/11-scaled.jpg\" \/>\n<meta name=\"twitter:card\" content=\"summary_large_image\" \/>\n<meta name=\"twitter:label1\" content=\"Written by\">\n\t<meta name=\"twitter:data1\" content=\"Viola Tempestad\">\n\t<meta name=\"twitter:label2\" content=\"Est. reading time\">\n\t<meta name=\"twitter:data2\" content=\"2 minutes\">\n<script type=\"application\/ld+json\" class=\"yoast-schema-graph\">{\"@context\":\"https:\/\/schema.org\",\"@graph\":[{\"@type\":\"WebSite\",\"@id\":\"https:\/\/violatempestad.com\/#website\",\"url\":\"https:\/\/violatempestad.com\/\",\"name\":\"Viola Tempestad\",\"description\":\"\",\"potentialAction\":[{\"@type\":\"SearchAction\",\"target\":\"https:\/\/violatempestad.com\/?s={search_term_string}\",\"query-input\":\"required name=search_term_string\"}],\"inLanguage\":\"en-US\"},{\"@type\":\"ImageObject\",\"@id\":\"http:\/\/violatempestad.com\/bio\/#primaryimage\",\"inLanguage\":\"en-US\",\"url\":\"https:\/\/violatempestad.com\/wp-content\/uploads\/2022\/01\/11-scaled.jpg\"},{\"@type\":\"WebPage\",\"@id\":\"http:\/\/violatempestad.com\/bio\/#webpage\",\"url\":\"http:\/\/violatempestad.com\/bio\/\",\"name\":\"Biograf\\u00eda de Pedro Herrera - Viola Tempestad\",\"isPartOf\":{\"@id\":\"https:\/\/violatempestad.com\/#website\"},\"primaryImageOfPage\":{\"@id\":\"http:\/\/violatempestad.com\/bio\/#primaryimage\"},\"datePublished\":\"2020-09-09T09:41:47+00:00\",\"dateModified\":\"2023-12-01T17:28:16+00:00\",\"description\":\"Pedro Herrera (Viola Tempestad) es un violista granadino con una larga trayectoria musical. Comenz\\u00f3 su educaci\\u00f3n musical a la edad de 3 a\\u00f1os...\",\"inLanguage\":\"en-US\",\"potentialAction\":[{\"@type\":\"ReadAction\",\"target\":[\"http:\/\/violatempestad.com\/bio\/\"]}]}]}<\/script>\n<!-- \/ Yoast SEO plugin. -->","_links":{"self":[{"href":"https:\/\/violatempestad.com\/en\/wp-json\/wp\/v2\/pages\/26"}],"collection":[{"href":"https:\/\/violatempestad.com\/en\/wp-json\/wp\/v2\/pages"}],"about":[{"href":"https:\/\/violatempestad.com\/en\/wp-json\/wp\/v2\/types\/page"}],"author":[{"embeddable":true,"href":"https:\/\/violatempestad.com\/en\/wp-json\/wp\/v2\/users\/1"}],"replies":[{"embeddable":true,"href":"https:\/\/violatempestad.com\/en\/wp-json\/wp\/v2\/comments?post=26"}],"version-history":[{"count":119,"href":"https:\/\/violatempestad.com\/en\/wp-json\/wp\/v2\/pages\/26\/revisions"}],"predecessor-version":[{"id":8185,"href":"https:\/\/violatempestad.com\/en\/wp-json\/wp\/v2\/pages\/26\/revisions\/8185"}],"wp:attachment":[{"href":"https:\/\/violatempestad.com\/en\/wp-json\/wp\/v2\/media?parent=26"}],"curies":[{"name":"wp","href":"https:\/\/api.w.org\/{rel}","templated":true}]}}