{"id":34,"date":"2020-09-09T11:42:45","date_gmt":"2020-09-09T09:42:45","guid":{"rendered":"http:\/\/violatempestad.com\/?page_id=34"},"modified":"2023-06-25T08:53:04","modified_gmt":"2023-06-25T06:53:04","slug":"contacto","status":"publish","type":"page","link":"https:\/\/violatempestad.com\/en\/contacto\/","title":{"rendered":"Contact"},"content":{"rendered":"<div role=\"form\" class=\"wpcf7\" id=\"wpcf7-f88-o1\" lang=\"es-ES\" dir=\"ltr\">\n<div class=\"screen-reader-response\"><p role=\"status\" aria-live=\"polite\" aria-atomic=\"true\"><\/p> <ul><\/ul><\/div>\n<form action=\"\/en\/wp-json\/wp\/v2\/pages\/34#wpcf7-f88-o1\" method=\"post\" class=\"wpcf7-form init\" novalidate=\"novalidate\" data-status=\"init\" data-trp-original-action=\"\/en\/wp-json\/wp\/v2\/pages\/34#wpcf7-f88-o1\">\n<div style=\"display: none;\">\n<input type=\"hidden\" name=\"_wpcf7\" value=\"88\" \/>\n<input type=\"hidden\" name=\"_wpcf7_version\" value=\"5.4.1\" \/>\n<input type=\"hidden\" name=\"_wpcf7_locale\" value=\"es_ES\" \/>\n<input type=\"hidden\" name=\"_wpcf7_unit_tag\" value=\"wpcf7-f88-o1\" \/>\n<input type=\"hidden\" name=\"_wpcf7_container_post\" value=\"0\" \/>\n<input type=\"hidden\" name=\"_wpcf7_posted_data_hash\" value=\"\" \/>\n<\/div>\n<p><label> Your name (required)<br \/>\n    <span class=\"wpcf7-form-control-wrap your-name\"><input type=\"text\" name=\"your-name\" value=\"\" size=\"40\" class=\"wpcf7-form-control wpcf7-text wpcf7-validates-as-required\" aria-required=\"true\" aria-invalid=\"false\" \/><\/span> <\/label><\/p>\n<p><label> Your email (required)<br \/>\n    <span class=\"wpcf7-form-control-wrap your-email\"><input type=\"email\" name=\"your-email\" value=\"\" size=\"40\" class=\"wpcf7-form-control wpcf7-text wpcf7-email wpcf7-validates-as-required wpcf7-validates-as-email\" aria-required=\"true\" aria-invalid=\"false\" \/><\/span> <\/label><\/p>\n<p><label> Subject<br \/>\n    <span class=\"wpcf7-form-control-wrap your-subject\"><input type=\"text\" name=\"your-subject\" value=\"\" size=\"40\" class=\"wpcf7-form-control wpcf7-text\" aria-invalid=\"false\" \/><\/span> <\/label><\/p>\n<p><label> Your message<br \/>\n    <span class=\"wpcf7-form-control-wrap your-message\"><textarea name=\"your-message\" cols=\"40\" rows=\"10\" class=\"wpcf7-form-control wpcf7-textarea\" aria-invalid=\"false\"><\/textarea><\/span> <\/label><\/p>\n<p><input type=\"submit\" value=\"Send\" class=\"wpcf7-form-control wpcf7-submit\" \/><\/p>\n<div class=\"wpcf7-response-output\" aria-hidden=\"true\"><\/div><input type=\"hidden\" name=\"trp-form-language\" value=\"en\"\/><\/form><\/div>\n\r\n\r\n<hr class=\"wp-block-separator has-text-color has-background has-white-background-color has-white-color is-style-default\" \/>\r\n\r\n\r\n<figure class=\"wp-block-image size-large is-resized contact-email-svg bounce-in-left\"><img loading=\"lazy\" class=\"wp-image-1079\" src=\"http:\/\/violatempestad.com\/wp-content\/uploads\/2020\/09\/Email_SVG.svg\" alt=\"email\" width=\"194\" height=\"190\" \/><\/figure>\r\n\r\n\r\n\r\n<p style=\"font-size: 24px;\"><strong>Pedro Herrera<\/strong><\/p>\r\n\r\n\r\n\r\n<p class=\"has-white-color has-text-color\"><a href=\"mailto:pedroherreramusic@violatempestad.com\">pedroherreramusic@violatempestad.com<\/a><\/p>\r\n\r\n\r\n\r\n<p class=\"has-white-color has-text-color\">tel: +34 693 65 87 71<\/p>\r\n\r\n\r\n\r\n<p>&nbsp;<\/p>","protected":false},"excerpt":{"rendered":"<p>Pedro Herrera pedroherreramusic@violatempestad.com tel: +34 693 65 87 71 &nbsp;<\/p>","protected":false},"author":1,"featured_media":0,"parent":0,"menu_order":0,"comment_status":"closed","ping_status":"closed","template":"","meta":{"inline_featured_image":false,"_mi_skip_tracking":false},"yoast_head":"<!-- This site is optimized with the Yoast SEO plugin v15.4 - https:\/\/yoast.com\/wordpress\/plugins\/seo\/ -->\n<title>Contacto para contratar un violista - Viola Tempestad<\/title>\n<meta name=\"description\" content=\"Formulario de contacto, correo electr\u00f3nico y tel\u00e9fono para Viola Tempestad. Contacta e inf\u00f3rmate de precios, horarios, eventos y mucho m\u00e1s!\" \/>\n<meta name=\"robots\" content=\"index, follow, max-snippet:-1, max-image-preview:large, max-video-preview:-1\" \/>\n<link rel=\"canonical\" href=\"http:\/\/violatempestad.com\/en\/contacto\/\" \/>\n<meta property=\"og:locale\" content=\"en_US\" \/>\n<meta property=\"og:type\" content=\"article\" \/>\n<meta property=\"og:title\" content=\"Contacto para contratar un violista - Viola Tempestad\" \/>\n<meta property=\"og:description\" content=\"Formulario de contacto, correo electr\u00f3nico y tel\u00e9fono para Viola Tempestad. Contacta e inf\u00f3rmate de precios, horarios, eventos y mucho m\u00e1s!\" \/>\n<meta property=\"og:url\" content=\"http:\/\/violatempestad.com\/en\/contacto\/\" \/>\n<meta property=\"og:site_name\" content=\"Viola Tempestad\" \/>\n<meta property=\"article:modified_time\" content=\"2023-06-25T06:53:04+00:00\" \/>\n<meta property=\"og:image\" content=\"http:\/\/violatempestad.com\/wp-content\/uploads\/2020\/09\/Email_SVG.svg\" \/>\n<meta name=\"twitter:card\" content=\"summary_large_image\" \/>\n<meta name=\"twitter:label1\" content=\"Written by\">\n\t<meta name=\"twitter:data1\" content=\"Viola Tempestad\">\n\t<meta name=\"twitter:label2\" content=\"Est. reading time\">\n\t<meta name=\"twitter:data2\" content=\"0 minutes\">\n<script type=\"application\/ld+json\" class=\"yoast-schema-graph\">{\"@context\":\"https:\/\/schema.org\",\"@graph\":[{\"@type\":\"WebSite\",\"@id\":\"https:\/\/violatempestad.com\/#website\",\"url\":\"https:\/\/violatempestad.com\/\",\"name\":\"Viola Tempestad\",\"description\":\"\",\"potentialAction\":[{\"@type\":\"SearchAction\",\"target\":\"https:\/\/violatempestad.com\/?s={search_term_string}\",\"query-input\":\"required name=search_term_string\"}],\"inLanguage\":\"en-US\"},{\"@type\":\"ImageObject\",\"@id\":\"http:\/\/violatempestad.com\/contacto\/#primaryimage\",\"inLanguage\":\"en-US\",\"url\":\"http:\/\/violatempestad.com\/wp-content\/uploads\/2020\/09\/Email_SVG.svg\"},{\"@type\":\"WebPage\",\"@id\":\"http:\/\/violatempestad.com\/contacto\/#webpage\",\"url\":\"http:\/\/violatempestad.com\/contacto\/\",\"name\":\"Contacto para contratar un violista - Viola Tempestad\",\"isPartOf\":{\"@id\":\"https:\/\/violatempestad.com\/#website\"},\"primaryImageOfPage\":{\"@id\":\"http:\/\/violatempestad.com\/contacto\/#primaryimage\"},\"datePublished\":\"2020-09-09T09:42:45+00:00\",\"dateModified\":\"2023-06-25T06:53:04+00:00\",\"description\":\"Formulario de contacto, correo electr\\u00f3nico y tel\\u00e9fono para Viola Tempestad. Contacta e inf\\u00f3rmate de precios, horarios, eventos y mucho m\\u00e1s!\",\"inLanguage\":\"en-US\",\"potentialAction\":[{\"@type\":\"ReadAction\",\"target\":[\"http:\/\/violatempestad.com\/contacto\/\"]}]}]}<\/script>\n<!-- \/ Yoast SEO plugin. -->","_links":{"self":[{"href":"https:\/\/violatempestad.com\/en\/wp-json\/wp\/v2\/pages\/34"}],"collection":[{"href":"https:\/\/violatempestad.com\/en\/wp-json\/wp\/v2\/pages"}],"about":[{"href":"https:\/\/violatempestad.com\/en\/wp-json\/wp\/v2\/types\/page"}],"author":[{"embeddable":true,"href":"https:\/\/violatempestad.com\/en\/wp-json\/wp\/v2\/users\/1"}],"replies":[{"embeddable":true,"href":"https:\/\/violatempestad.com\/en\/wp-json\/wp\/v2\/comments?post=34"}],"version-history":[{"count":40,"href":"https:\/\/violatempestad.com\/en\/wp-json\/wp\/v2\/pages\/34\/revisions"}],"predecessor-version":[{"id":7818,"href":"https:\/\/violatempestad.com\/en\/wp-json\/wp\/v2\/pages\/34\/revisions\/7818"}],"wp:attachment":[{"href":"https:\/\/violatempestad.com\/en\/wp-json\/wp\/v2\/media?parent=34"}],"curies":[{"name":"wp","href":"https:\/\/api.w.org\/{rel}","templated":true}]}}