{"id":42,"date":"2020-09-09T11:43:47","date_gmt":"2020-09-09T09:43:47","guid":{"rendered":"http:\/\/violatempestad.com\/?page_id=42"},"modified":"2023-11-10T19:05:51","modified_gmt":"2023-11-10T18:05:51","slug":"videos","status":"publish","type":"page","link":"https:\/\/violatempestad.com\/en\/videos\/","title":{"rendered":"Galery | Videos"},"content":{"rendered":"<figure class=\"wp-block-embed-youtube wp-block-embed is-type-video is-provider-youtube\"><div class=\"wp-block-embed__wrapper\">\n<iframe title=\"VIDEO PROMO BODAS VIOLA TEMPESTAD 2023 Dont you worry child (Viola Tempestad Cover)\" width=\"990\" height=\"557\" src=\"https:\/\/www.youtube.com\/embed\/CZW1QPpS0KI?feature=oembed\" frameborder=\"0\" allow=\"accelerometer; autoplay; clipboard-write; encrypted-media; gyroscope; picture-in-picture; web-share\" allowfullscreen><\/iframe>\n<\/div><figcaption><br><a href=\"https:\/\/www.youtube.com\/@violatempestad591\"><\/a>VIDEO PROMO BODAS VIOLA TEMPESTAD 2023 Dont you worry child (Viola Tempestad Cover)<br><\/figcaption><\/figure>\n\n\n\n<figure class=\"wp-block-embed-youtube wp-block-embed is-type-video is-provider-youtube\"><div class=\"wp-block-embed__wrapper\">\n<iframe title=\"Promo discotecas 2023 Viola Tempestad Cover I&#039;m good (Blue)\" width=\"990\" height=\"557\" src=\"https:\/\/www.youtube.com\/embed\/0336V2GuTrU?feature=oembed\" frameborder=\"0\" allow=\"accelerometer; autoplay; clipboard-write; encrypted-media; gyroscope; picture-in-picture; web-share\" allowfullscreen><\/iframe>\n<\/div><figcaption>Promo discotecas 2023 Viola Tempestad Cover I&#8217;m good (Blue)<\/figcaption><\/figure>\n\n\n\n<figure class=\"wp-block-embed-youtube wp-block-embed is-type-video is-provider-youtube\"><div class=\"wp-block-embed__wrapper\">\n<iframe title=\"Remix \u2018Electric Storm\u2019 by Vivaldi &amp; Reload - Sebastian Ingrosso (Viola Tempestad Cover)\" width=\"990\" height=\"557\" src=\"https:\/\/www.youtube.com\/embed\/fo258ssdVr4?feature=oembed\" frameborder=\"0\" allow=\"accelerometer; autoplay; clipboard-write; encrypted-media; gyroscope; picture-in-picture; web-share\" allowfullscreen><\/iframe>\n<\/div><figcaption>Remix Electric Storm  by Vivaldi&nbsp;&amp; Reload &#8211; Sebastian Ingrosso (Viola Tempestad Cover)<\/figcaption><\/figure>\n\n\n\n<figure class=\"wp-block-embed-youtube wp-block-embed is-type-video is-provider-youtube\"><div class=\"wp-block-embed__wrapper\">\n<iframe title=\"Sing me to sleep - Alan walker (Viola Tempestad Cover)\" width=\"990\" height=\"557\" src=\"https:\/\/www.youtube.com\/embed\/g1Ts5zyMCQw?feature=oembed\" frameborder=\"0\" allow=\"accelerometer; autoplay; clipboard-write; encrypted-media; gyroscope; picture-in-picture; web-share\" allowfullscreen><\/iframe>\n<\/div><figcaption>Sing me to Sleep &#8211; Alan Walker<\/figcaption><\/figure>\n\n\n\n<figure class=\"wp-block-embed-youtube wp-block-embed is-type-video is-provider-youtube\"><div class=\"wp-block-embed__wrapper\">\n<iframe title=\"Reload - Sebastian Ingrosso (Viola Tempestad Cover)\" width=\"990\" height=\"557\" src=\"https:\/\/www.youtube.com\/embed\/v36UqfV7xcA?feature=oembed\" frameborder=\"0\" allow=\"accelerometer; autoplay; clipboard-write; encrypted-media; gyroscope; picture-in-picture; web-share\" allowfullscreen><\/iframe>\n<\/div><figcaption>Reload &#8211; Sebastian Ingrosso<\/figcaption><\/figure>\n\n\n\n<p><\/p>\n\n\n\n<figure class=\"wp-block-embed-youtube wp-block-embed is-type-video is-provider-youtube\"><div class=\"wp-block-embed__wrapper\">\n<iframe title=\"Dangerous - David Guetta (Viola Tempestad Cover)\" width=\"990\" height=\"557\" src=\"https:\/\/www.youtube.com\/embed\/YkuA80-15Ko?feature=oembed\" frameborder=\"0\" allow=\"accelerometer; autoplay; clipboard-write; encrypted-media; gyroscope; picture-in-picture; web-share\" allowfullscreen><\/iframe>\n<\/div><figcaption>Dangerous &#8211; David Guetta<\/figcaption><\/figure>\n\n\n\n<hr class=\"wp-block-separator has-text-color has-background has-blue-background-color has-blue-color\"\/>\n\n\n\n<figure class=\"wp-block-embed-youtube wp-block-embed is-type-video is-provider-youtube\"><div class=\"wp-block-embed__wrapper\">\n<iframe title=\"Perfect - Ed Sheeran (Viola Tempestad Cover)\" width=\"990\" height=\"557\" src=\"https:\/\/www.youtube.com\/embed\/4OPpdcyW_eg?feature=oembed\" frameborder=\"0\" allow=\"accelerometer; autoplay; clipboard-write; encrypted-media; gyroscope; picture-in-picture; web-share\" allowfullscreen><\/iframe>\n<\/div><figcaption>Perfect &#8211; Ed Sheeran<\/figcaption><\/figure>\n\n\n\n<hr class=\"wp-block-separator has-text-color has-background has-blue-background-color has-blue-color\"\/>\n\n\n\n<figure class=\"wp-block-embed-youtube wp-block-embed is-type-video is-provider-youtube\"><div class=\"wp-block-embed__wrapper\">\n<iframe title=\"Nessun Dorma (Viola Tempestad)\" width=\"990\" height=\"557\" src=\"https:\/\/www.youtube.com\/embed\/wW273nwLulk?feature=oembed\" frameborder=\"0\" allow=\"accelerometer; autoplay; clipboard-write; encrypted-media; gyroscope; picture-in-picture; web-share\" allowfullscreen><\/iframe>\n<\/div><figcaption><strong>Nessun Dorma-Puccini<\/strong><\/figcaption><\/figure>\n\n\n\n<div class=\"wp-block-group alignwide\"><div class=\"wp-block-group__inner-container\"><\/div><\/div>\n\n\n\n<hr class=\"wp-block-separator has-text-color has-background has-blue-background-color has-blue-color\"\/>\n\n\n\n<figure class=\"wp-block-embed-youtube wp-block-embed is-type-video is-provider-youtube\"><div class=\"wp-block-embed__wrapper\">\n<iframe title=\"Don\u2019t You Worry Child-Swedish House Mafia (Cover by Viola Tempestad)\" width=\"990\" height=\"557\" src=\"https:\/\/www.youtube.com\/embed\/ljEyGcHtnYk?feature=oembed\" frameborder=\"0\" allow=\"accelerometer; autoplay; clipboard-write; encrypted-media; gyroscope; picture-in-picture; web-share\" allowfullscreen><\/iframe>\n<\/div><figcaption>Don\u2019t You Worry Child-Swedish House Mafia (Cover by Viola Tempestad)<\/figcaption><\/figure>\n\n\n\n<hr class=\"wp-block-separator has-text-color has-background has-blue-background-color has-blue-color\"\/>\n\n\n\n<figure class=\"wp-block-embed-youtube wp-block-embed is-type-video is-provider-youtube\"><div class=\"wp-block-embed__wrapper\">\n<iframe title=\"Shallow-Lady gaga (Cover by Viola Tempestad)\" width=\"990\" height=\"557\" src=\"https:\/\/www.youtube.com\/embed\/qGS6DJCgh24?feature=oembed\" frameborder=\"0\" allow=\"accelerometer; autoplay; clipboard-write; encrypted-media; gyroscope; picture-in-picture; web-share\" allowfullscreen><\/iframe>\n<\/div><figcaption>Shallow-Lady gaga (Cover by Viola Tempestad)<\/figcaption><\/figure>\n\n\n\n<hr class=\"wp-block-separator has-text-color has-background has-blue-background-color has-blue-color\"\/>\n\n\n\n<p><\/p>\n\n\n\n<figure class=\"wp-block-embed-youtube wp-block-embed is-type-video is-provider-youtube\"><div class=\"wp-block-embed__wrapper\">\n<iframe title=\"Wake me up- Avicii tribute(Viola Cover)\" width=\"990\" height=\"557\" src=\"https:\/\/www.youtube.com\/embed\/_XC739YxQ8Y?feature=oembed\" frameborder=\"0\" allow=\"accelerometer; autoplay; clipboard-write; encrypted-media; gyroscope; picture-in-picture; web-share\" allowfullscreen><\/iframe>\n<\/div><figcaption>Wake me up- Avicii tribute(Viola Cover)<\/figcaption><\/figure>\n\n\n\n<hr class=\"wp-block-separator has-text-color has-background has-blue-background-color has-blue-color\"\/>\n\n\n\n<figure class=\"wp-block-video\"><video controls poster=\"http:\/\/violatempestad.com\/wp-content\/uploads\/2020\/10\/portada.jpg\" src=\"http:\/\/violatempestad.com\/wp-content\/uploads\/2020\/10\/Video-Resumen-Viola-Tempestad-4.mp4\"><\/video><figcaption>Videoclips Viola Tempestad<\/figcaption><\/figure>\n\n\n\n<div style=\"height:20px\" aria-hidden=\"true\" class=\"wp-block-spacer\"><\/div>\n\n\n\n<hr class=\"wp-block-separator\"\/>\n\n\n\n<hr class=\"wp-block-separator\"\/>","protected":false},"excerpt":{"rendered":"","protected":false},"author":1,"featured_media":0,"parent":0,"menu_order":0,"comment_status":"closed","ping_status":"closed","template":"","meta":{"inline_featured_image":false,"_mi_skip_tracking":false},"yoast_head":"<!-- This site is optimized with the Yoast SEO plugin v15.4 - https:\/\/yoast.com\/wordpress\/plugins\/seo\/ -->\n<title>Galer\u00eda | V\u00eddeos de viola - Viola Tempestad<\/title>\n<meta name=\"description\" content=\"Galer\u00eda de v\u00eddeos del m\u00fasico e int\u00e9rprete Pedro Herrera tambi\u00e9n conocido bajo el nombre de su instrumento: Viola Tempestad.\" \/>\n<meta name=\"robots\" content=\"index, follow, max-snippet:-1, max-image-preview:large, max-video-preview:-1\" \/>\n<link rel=\"canonical\" href=\"http:\/\/violatempestad.com\/en\/videos\/\" \/>\n<meta property=\"og:locale\" content=\"en_US\" \/>\n<meta property=\"og:type\" content=\"article\" \/>\n<meta property=\"og:title\" content=\"Galer\u00eda | V\u00eddeos de viola - Viola Tempestad\" \/>\n<meta property=\"og:description\" content=\"Galer\u00eda de v\u00eddeos del m\u00fasico e int\u00e9rprete Pedro Herrera tambi\u00e9n conocido bajo el nombre de su instrumento: Viola Tempestad.\" \/>\n<meta property=\"og:url\" content=\"http:\/\/violatempestad.com\/en\/videos\/\" \/>\n<meta property=\"og:site_name\" content=\"Viola Tempestad\" \/>\n<meta property=\"article:modified_time\" content=\"2023-11-10T18:05:51+00:00\" \/>\n<meta name=\"twitter:card\" content=\"summary_large_image\" \/>\n<meta name=\"twitter:label1\" content=\"Written by\">\n\t<meta name=\"twitter:data1\" content=\"Viola Tempestad\">\n\t<meta name=\"twitter:label2\" content=\"Est. reading time\">\n\t<meta name=\"twitter:data2\" content=\"1 minute\">\n<script type=\"application\/ld+json\" class=\"yoast-schema-graph\">{\"@context\":\"https:\/\/schema.org\",\"@graph\":[{\"@type\":\"WebSite\",\"@id\":\"https:\/\/violatempestad.com\/#website\",\"url\":\"https:\/\/violatempestad.com\/\",\"name\":\"Viola Tempestad\",\"description\":\"\",\"potentialAction\":[{\"@type\":\"SearchAction\",\"target\":\"https:\/\/violatempestad.com\/?s={search_term_string}\",\"query-input\":\"required name=search_term_string\"}],\"inLanguage\":\"en-US\"},{\"@type\":\"WebPage\",\"@id\":\"http:\/\/violatempestad.com\/videos\/#webpage\",\"url\":\"http:\/\/violatempestad.com\/videos\/\",\"name\":\"Galer\\u00eda | V\\u00eddeos de viola - Viola Tempestad\",\"isPartOf\":{\"@id\":\"https:\/\/violatempestad.com\/#website\"},\"datePublished\":\"2020-09-09T09:43:47+00:00\",\"dateModified\":\"2023-11-10T18:05:51+00:00\",\"description\":\"Galer\\u00eda de v\\u00eddeos del m\\u00fasico e int\\u00e9rprete Pedro Herrera tambi\\u00e9n conocido bajo el nombre de su instrumento: Viola Tempestad.\",\"inLanguage\":\"en-US\",\"potentialAction\":[{\"@type\":\"ReadAction\",\"target\":[\"http:\/\/violatempestad.com\/videos\/\"]}]}]}<\/script>\n<!-- \/ Yoast SEO plugin. -->","_links":{"self":[{"href":"https:\/\/violatempestad.com\/en\/wp-json\/wp\/v2\/pages\/42"}],"collection":[{"href":"https:\/\/violatempestad.com\/en\/wp-json\/wp\/v2\/pages"}],"about":[{"href":"https:\/\/violatempestad.com\/en\/wp-json\/wp\/v2\/types\/page"}],"author":[{"embeddable":true,"href":"https:\/\/violatempestad.com\/en\/wp-json\/wp\/v2\/users\/1"}],"replies":[{"embeddable":true,"href":"https:\/\/violatempestad.com\/en\/wp-json\/wp\/v2\/comments?post=42"}],"version-history":[{"count":71,"href":"https:\/\/violatempestad.com\/en\/wp-json\/wp\/v2\/pages\/42\/revisions"}],"predecessor-version":[{"id":8243,"href":"https:\/\/violatempestad.com\/en\/wp-json\/wp\/v2\/pages\/42\/revisions\/8243"}],"wp:attachment":[{"href":"https:\/\/violatempestad.com\/en\/wp-json\/wp\/v2\/media?parent=42"}],"curies":[{"name":"wp","href":"https:\/\/api.w.org\/{rel}","templated":true}]}}